{"id":59,"date":"2020-06-12T07:29:59","date_gmt":"2020-06-12T05:29:59","guid":{"rendered":"http:\/\/lemasdesrochers.fr\/?page_id=59"},"modified":"2023-01-21T18:37:57","modified_gmt":"2023-01-21T17:37:57","slug":"le-mas","status":"publish","type":"page","link":"https:\/\/lemasdesrochers.fr\/index.php\/le-mas\/","title":{"rendered":"Le Mas"},"content":{"rendered":"\n<h2>Description<\/h2>\n\n\n\n<p>Le Mas des Rochers est nich\u00e9 le long de la falaise du Coutach. Il poss\u00e8de une vue imprenable sur le village de Sauve et vous donne acc\u00e8s \u00e0 la Mer des Rochers, vaste espace naturel sculpt\u00e9 par le temps, d&rsquo;o\u00f9 son nom. Tranquillit\u00e9, confort et  convivialit\u00e9 assur\u00e9s, dans 150m\u00b2 r\u00e9cemment r\u00e9nov\u00e9s pour accueillir 8 personnes.<\/p>\n\n\n\n<p>Et les micocouliers alors ? Il s&rsquo;agit d&rsquo;un arbre typique du Sud de la France qui a pris ses aises dans notre jardin. Vous appr\u00e9cierez profiter de son ombre aussi bien pour un bon d\u00e9jeuner que pour une petite sieste. <\/p>\n\n\n\n<h2>Les Chambres<\/h2>\n\n\n\n<figure class=\"wp-block-gallery columns-3 is-cropped\"><ul class=\"blocks-gallery-grid\"><li class=\"blocks-gallery-item\"><figure><a href=\"http:\/\/lemasdesrochers.fr\/wp-content\/uploads\/2021\/05\/chAngkor2.png\"><img loading=\"lazy\" width=\"1008\" height=\"756\" src=\"http:\/\/lemasdesrochers.fr\/wp-content\/uploads\/2021\/05\/chAngkor2.png\" alt=\"\" data-id=\"218\" data-full-url=\"http:\/\/lemasdesrochers.fr\/wp-content\/uploads\/2021\/05\/chAngkor2.png\" data-link=\"http:\/\/lemasdesrochers.fr\/changkor2\/\" class=\"wp-image-218\" srcset=\"https:\/\/lemasdesrochers.fr\/wp-content\/uploads\/2021\/05\/chAngkor2.png 1008w, https:\/\/lemasdesrochers.fr\/wp-content\/uploads\/2021\/05\/chAngkor2-300x225.png 300w, https:\/\/lemasdesrochers.fr\/wp-content\/uploads\/2021\/05\/chAngkor2-768x576.png 768w\" sizes=\"(max-width: 767px) 89vw, (max-width: 1000px) 54vw, (max-width: 1071px) 543px, 580px\" \/><\/a><figcaption class=\"blocks-gallery-item__caption\">La chambre Angkor<\/figcaption><\/figure><\/li><li class=\"blocks-gallery-item\"><figure><a href=\"http:\/\/lemasdesrochers.fr\/wp-content\/uploads\/2021\/06\/chStonehenge.png\"><img loading=\"lazy\" width=\"1008\" height=\"756\" src=\"http:\/\/lemasdesrochers.fr\/wp-content\/uploads\/2021\/06\/chStonehenge.png\" alt=\"\" data-id=\"282\" data-full-url=\"http:\/\/lemasdesrochers.fr\/wp-content\/uploads\/2021\/06\/chStonehenge.png\" data-link=\"http:\/\/lemasdesrochers.fr\/chstonehenge-2\/\" class=\"wp-image-282\" srcset=\"https:\/\/lemasdesrochers.fr\/wp-content\/uploads\/2021\/06\/chStonehenge.png 1008w, https:\/\/lemasdesrochers.fr\/wp-content\/uploads\/2021\/06\/chStonehenge-300x225.png 300w, https:\/\/lemasdesrochers.fr\/wp-content\/uploads\/2021\/06\/chStonehenge-768x576.png 768w\" sizes=\"(max-width: 767px) 89vw, (max-width: 1000px) 54vw, (max-width: 1071px) 543px, 580px\" \/><\/a><figcaption class=\"blocks-gallery-item__caption\">La chambre Stonehenge<\/figcaption><\/figure><\/li><li class=\"blocks-gallery-item\"><figure><a href=\"http:\/\/lemasdesrochers.fr\/wp-content\/uploads\/2021\/06\/chUluru3.png\"><img loading=\"lazy\" width=\"1008\" height=\"756\" src=\"http:\/\/lemasdesrochers.fr\/wp-content\/uploads\/2021\/06\/chUluru3.png\" alt=\"\" data-id=\"285\" data-full-url=\"http:\/\/lemasdesrochers.fr\/wp-content\/uploads\/2021\/06\/chUluru3.png\" data-link=\"http:\/\/lemasdesrochers.fr\/chuluru3\/\" class=\"wp-image-285\" srcset=\"https:\/\/lemasdesrochers.fr\/wp-content\/uploads\/2021\/06\/chUluru3.png 1008w, https:\/\/lemasdesrochers.fr\/wp-content\/uploads\/2021\/06\/chUluru3-300x225.png 300w, https:\/\/lemasdesrochers.fr\/wp-content\/uploads\/2021\/06\/chUluru3-768x576.png 768w\" sizes=\"(max-width: 767px) 89vw, (max-width: 1000px) 54vw, (max-width: 1071px) 543px, 580px\" \/><\/a><figcaption class=\"blocks-gallery-item__caption\">La chambre Uluru<\/figcaption><\/figure><\/li><\/ul><figcaption class=\"blocks-gallery-caption\">Les chambres<\/figcaption><\/figure>\n\n\n\n<p>3 chambres vous sont propos\u00e9es dans le b\u00e2timent principal pour une capacit\u00e9 de 8 personnes. La Chambre Uluru (\u00ab\u00a0dortoir\u00a0\u00bb avec 3 lits dont un double et 2 superpos\u00e9s soit 4 places), la Chambre Angkor (avec un lit 2 places), la Chambre Stonehenge (avec 2 lits simples pouvant \u00eatre positionn\u00e9s en lit double). <a href=\"http:\/\/lemasdesrochers.fr\/index.php\/galerie-photos\/\" data-type=\"page\" data-id=\"229\">Voir plus de photos<\/a><\/p>\n\n\n\n<p style=\"font-size:11px\"><em>Formats de literie : 90*200 cm pour les lits simples et 160*200 cm pour les lits doubles. Oreillers en 65*65 cm (fermes) et 50*70 cm (plus souples)<\/em><\/p>\n\n\n\n<h2>Les salles d&rsquo;eau<\/h2>\n\n\n\n<p>Deux salles d&rsquo;eau sont \u00e0 votre disposition, une au rez-de-chauss\u00e9e avec une double vasque et une douche \u00e0 l&rsquo;italienne, une seconde au premier \u00e9tage avec un lavabo et une douche \u00e0 l&rsquo;italienne. Deux WC ind\u00e9pendants sont \u00e9galement disponibles. Et en compl\u00e9ment, les chambres Uluru et Angkor sont \u00e9quip\u00e9es d&rsquo;un lavabo d&rsquo;appoint.<\/p>\n\n\n\n<figure class=\"wp-block-gallery columns-2 is-cropped\"><ul class=\"blocks-gallery-grid\"><li class=\"blocks-gallery-item\"><figure><a href=\"http:\/\/lemasdesrochers.fr\/wp-content\/uploads\/2021\/05\/sde1.png\"><img loading=\"lazy\" width=\"1008\" height=\"756\" src=\"http:\/\/lemasdesrochers.fr\/wp-content\/uploads\/2021\/05\/sde1.png\" alt=\"\" data-id=\"126\" data-full-url=\"http:\/\/lemasdesrochers.fr\/wp-content\/uploads\/2021\/05\/sde1.png\" data-link=\"http:\/\/lemasdesrochers.fr\/index.php\/contact\/sde1\/\" class=\"wp-image-126\" srcset=\"https:\/\/lemasdesrochers.fr\/wp-content\/uploads\/2021\/05\/sde1.png 1008w, https:\/\/lemasdesrochers.fr\/wp-content\/uploads\/2021\/05\/sde1-300x225.png 300w, https:\/\/lemasdesrochers.fr\/wp-content\/uploads\/2021\/05\/sde1-768x576.png 768w\" sizes=\"(max-width: 767px) 89vw, (max-width: 1000px) 54vw, (max-width: 1071px) 543px, 580px\" \/><\/a><figcaption class=\"blocks-gallery-item__caption\">Salle d&rsquo;eau du rez-de-chauss\u00e9e<\/figcaption><\/figure><\/li><li class=\"blocks-gallery-item\"><figure><a href=\"http:\/\/lemasdesrochers.fr\/wp-content\/uploads\/2021\/05\/sde2.png\"><img loading=\"lazy\" width=\"1008\" height=\"756\" src=\"http:\/\/lemasdesrochers.fr\/wp-content\/uploads\/2021\/05\/sde2.png\" alt=\"\" data-id=\"127\" data-full-url=\"http:\/\/lemasdesrochers.fr\/wp-content\/uploads\/2021\/05\/sde2.png\" data-link=\"http:\/\/lemasdesrochers.fr\/index.php\/contact\/sde2\/\" class=\"wp-image-127\" srcset=\"https:\/\/lemasdesrochers.fr\/wp-content\/uploads\/2021\/05\/sde2.png 1008w, https:\/\/lemasdesrochers.fr\/wp-content\/uploads\/2021\/05\/sde2-300x225.png 300w, https:\/\/lemasdesrochers.fr\/wp-content\/uploads\/2021\/05\/sde2-768x576.png 768w\" sizes=\"(max-width: 767px) 89vw, (max-width: 1000px) 54vw, (max-width: 1071px) 543px, 580px\" \/><\/a><figcaption class=\"blocks-gallery-item__caption\">Salle d&rsquo;eau du premier \u00e9tage<\/figcaption><\/figure><\/li><\/ul><\/figure>\n\n\n\n<h2>Les espaces de convivialit\u00e9<\/h2>\n\n\n\n<figure class=\"wp-block-gallery columns-3 is-cropped\"><ul class=\"blocks-gallery-grid\"><li class=\"blocks-gallery-item\"><figure><a href=\"http:\/\/lemasdesrochers.fr\/wp-content\/uploads\/2021\/05\/salon.png\"><img loading=\"lazy\" width=\"1008\" height=\"756\" src=\"http:\/\/lemasdesrochers.fr\/wp-content\/uploads\/2021\/05\/salon.png\" alt=\"\" data-id=\"110\" data-full-url=\"http:\/\/lemasdesrochers.fr\/wp-content\/uploads\/2021\/05\/salon.png\" data-link=\"http:\/\/lemasdesrochers.fr\/salon\/\" class=\"wp-image-110\" srcset=\"https:\/\/lemasdesrochers.fr\/wp-content\/uploads\/2021\/05\/salon.png 1008w, https:\/\/lemasdesrochers.fr\/wp-content\/uploads\/2021\/05\/salon-300x225.png 300w, https:\/\/lemasdesrochers.fr\/wp-content\/uploads\/2021\/05\/salon-768x576.png 768w\" sizes=\"(max-width: 767px) 89vw, (max-width: 1000px) 54vw, (max-width: 1071px) 543px, 580px\" \/><\/a><figcaption class=\"blocks-gallery-item__caption\">Le salon<\/figcaption><\/figure><\/li><li class=\"blocks-gallery-item\"><figure><a href=\"http:\/\/lemasdesrochers.fr\/wp-content\/uploads\/2021\/05\/cuisine.png\"><img loading=\"lazy\" width=\"1008\" height=\"756\" src=\"http:\/\/lemasdesrochers.fr\/wp-content\/uploads\/2021\/05\/cuisine.png\" alt=\"\" data-id=\"105\" data-full-url=\"http:\/\/lemasdesrochers.fr\/wp-content\/uploads\/2021\/05\/cuisine.png\" data-link=\"http:\/\/lemasdesrochers.fr\/cuisine-2\/\" class=\"wp-image-105\" srcset=\"https:\/\/lemasdesrochers.fr\/wp-content\/uploads\/2021\/05\/cuisine.png 1008w, https:\/\/lemasdesrochers.fr\/wp-content\/uploads\/2021\/05\/cuisine-300x225.png 300w, https:\/\/lemasdesrochers.fr\/wp-content\/uploads\/2021\/05\/cuisine-768x576.png 768w\" sizes=\"(max-width: 767px) 89vw, (max-width: 1000px) 54vw, (max-width: 1071px) 543px, 580px\" \/><\/a><figcaption class=\"blocks-gallery-item__caption\">La cuisine<\/figcaption><\/figure><\/li><li class=\"blocks-gallery-item\"><figure><a href=\"http:\/\/lemasdesrochers.fr\/wp-content\/uploads\/2021\/05\/manger.png\"><img loading=\"lazy\" width=\"1008\" height=\"756\" src=\"http:\/\/lemasdesrochers.fr\/wp-content\/uploads\/2021\/05\/manger.png\" alt=\"\" data-id=\"108\" data-full-url=\"http:\/\/lemasdesrochers.fr\/wp-content\/uploads\/2021\/05\/manger.png\" data-link=\"http:\/\/lemasdesrochers.fr\/manger\/\" class=\"wp-image-108\" srcset=\"https:\/\/lemasdesrochers.fr\/wp-content\/uploads\/2021\/05\/manger.png 1008w, https:\/\/lemasdesrochers.fr\/wp-content\/uploads\/2021\/05\/manger-300x225.png 300w, https:\/\/lemasdesrochers.fr\/wp-content\/uploads\/2021\/05\/manger-768x576.png 768w\" sizes=\"(max-width: 767px) 89vw, (max-width: 1000px) 54vw, (max-width: 1071px) 543px, 580px\" \/><\/a><figcaption class=\"blocks-gallery-item__caption\">La salle \u00e0 manger<\/figcaption><\/figure><\/li><\/ul><figcaption class=\"blocks-gallery-caption\">Les autres pi\u00e8ces de la maison<\/figcaption><\/figure>\n\n\n\n<p>Afin de passer de bons moments en famille ou entre amis, le Mas vous propose un salon confortable avec le po\u00eale et la t\u00e9l\u00e9vision (abonnement Disney + inclus jusqu&rsquo;en oct 2021), une cuisine \u00e9quip\u00e9e et spacieuse, une salle \u00e0 manger pour tous.<\/p>\n\n\n\n<h2>Les ext\u00e9rieurs<\/h2>\n\n\n\n<figure class=\"wp-block-gallery columns-3 is-cropped\"><ul class=\"blocks-gallery-grid\"><li class=\"blocks-gallery-item\"><figure><a href=\"https:\/\/lemasdesrochers.fr\/wp-content\/uploads\/2021\/07\/terrasse-3-1024x768.jpg\"><img loading=\"lazy\" width=\"1024\" height=\"768\" src=\"https:\/\/lemasdesrochers.fr\/wp-content\/uploads\/2021\/07\/terrasse-3-1024x768.jpg\" alt=\"\" data-id=\"318\" data-link=\"https:\/\/lemasdesrochers.fr\/index.php\/le-mas\/terrasse-3\/\" class=\"wp-image-318\" srcset=\"https:\/\/lemasdesrochers.fr\/wp-content\/uploads\/2021\/07\/terrasse-3-1024x768.jpg 1024w, https:\/\/lemasdesrochers.fr\/wp-content\/uploads\/2021\/07\/terrasse-3-300x225.jpg 300w, https:\/\/lemasdesrochers.fr\/wp-content\/uploads\/2021\/07\/terrasse-3-768x576.jpg 768w, https:\/\/lemasdesrochers.fr\/wp-content\/uploads\/2021\/07\/terrasse-3.jpg 1040w\" sizes=\"(max-width: 767px) 89vw, (max-width: 1000px) 54vw, (max-width: 1071px) 543px, 580px\" \/><\/a><figcaption class=\"blocks-gallery-item__caption\">La terrasse<\/figcaption><\/figure><\/li><li class=\"blocks-gallery-item\"><figure><a href=\"https:\/\/lemasdesrochers.fr\/wp-content\/uploads\/2021\/07\/apero.jpg\"><img loading=\"lazy\" width=\"1008\" height=\"756\" src=\"https:\/\/lemasdesrochers.fr\/wp-content\/uploads\/2021\/07\/apero.jpg\" alt=\"\" data-id=\"320\" data-link=\"https:\/\/lemasdesrochers.fr\/index.php\/le-mas\/apero\/\" class=\"wp-image-320\" srcset=\"https:\/\/lemasdesrochers.fr\/wp-content\/uploads\/2021\/07\/apero.jpg 1008w, https:\/\/lemasdesrochers.fr\/wp-content\/uploads\/2021\/07\/apero-300x225.jpg 300w, https:\/\/lemasdesrochers.fr\/wp-content\/uploads\/2021\/07\/apero-768x576.jpg 768w\" sizes=\"(max-width: 767px) 89vw, (max-width: 1000px) 54vw, (max-width: 1071px) 543px, 580px\" \/><\/a><figcaption class=\"blocks-gallery-item__caption\">le salon de jardin<\/figcaption><\/figure><\/li><li class=\"blocks-gallery-item\"><figure><a href=\"https:\/\/lemasdesrochers.fr\/wp-content\/uploads\/2021\/07\/Cour-2.jpg\"><img loading=\"lazy\" width=\"1008\" height=\"756\" src=\"https:\/\/lemasdesrochers.fr\/wp-content\/uploads\/2021\/07\/Cour-2.jpg\" alt=\"\" data-id=\"321\" data-full-url=\"https:\/\/lemasdesrochers.fr\/wp-content\/uploads\/2021\/07\/Cour-2.jpg\" data-link=\"https:\/\/lemasdesrochers.fr\/index.php\/le-mas\/cour-2\/\" class=\"wp-image-321\" srcset=\"https:\/\/lemasdesrochers.fr\/wp-content\/uploads\/2021\/07\/Cour-2.jpg 1008w, https:\/\/lemasdesrochers.fr\/wp-content\/uploads\/2021\/07\/Cour-2-300x225.jpg 300w, https:\/\/lemasdesrochers.fr\/wp-content\/uploads\/2021\/07\/Cour-2-768x576.jpg 768w\" sizes=\"(max-width: 767px) 89vw, (max-width: 1000px) 54vw, (max-width: 1071px) 543px, 580px\" \/><\/a><figcaption class=\"blocks-gallery-item__caption\">La cour ombrag\u00e9e<\/figcaption><\/figure><\/li><\/ul><figcaption class=\"blocks-gallery-caption\">Le jardin en terrasses<\/figcaption><\/figure>\n\n\n\n<p>Le jardin de 600m\u00b2 vous permettra de profiter du beau temps du Sud de la France. Organis\u00e9 en terrasses, il vous propose plusieurs lieux avec des atmosph\u00e8res diff\u00e9rentes : la grande terrasse devant la maison pour les repas ext\u00e9rieurs, un espace ombrag\u00e9 avec deux hamacs, une cour int\u00e9rieure plus fraiche et le jardin avec son salon. Le tout avec une vue imprenable sur le village de Sauve. <a href=\"http:\/\/lemasdesrochers.fr\/index.php\/galerie-photos\/\" data-type=\"page\" data-id=\"229\">Voir plus de photos<\/a><\/p>\n\n\n\n<h2>Les \u00e9quipements<\/h2>\n\n\n\n<ul><li>Chauffage au gaz dans l&rsquo;ensemble de la maison, po\u00eale dans le salon  et climatisation dans la salle \u00e0 manger &#8211; la cuisine ainsi que la chambre Uluru<\/li><li>Wifi, t\u00e9l\u00e9vision, cha\u00eene Hi-fi, lecteur DVD<\/li><li>\u00c9quipements de s\u00e9curit\u00e9 : d\u00e9tecteur de fum\u00e9e, d\u00e9tecteur de monoxyde de carbone, extincteur<\/li><li>2 r\u00e9frig\u00e9rateurs (dont 1 compartiment **), lave-vaisselle, four \u00e0 chaleur tournante, four \u00e0 micro-ondes, plaques \u00e0 induction, robot multi-fonctions, grille-pain, cafeti\u00e8re classique et cafeti\u00e8re \u00e0 capsules (dolce gusto), bouilloire<\/li><li>Tables de jardin (une 8 personnes et une 4 personnes), salon de jardin, plancha<\/li><li>Machine \u00e0 laver, s\u00e8che-linge, table et fer \u00e0 repasser<\/li><li>Pour les b\u00e9b\u00e9s et petits : 1 lit parapluie, 2 chaises hautes, baignoire pliante, 2 barri\u00e8res pour l&rsquo;escalier principal int\u00e9rieur <em>(il y a aussi quelques marches dans le reste du g\u00eete &#8211; 1 \u00e0 3 marches)<\/em><\/li><li>Produits \u00e0 disposition : sel, poivre, huile, liquide vaisselle et \u00e9ponges, papier toilette (quelques rouleaux)<\/li><li>Possibilit\u00e9 de ranger les v\u00e9los \/motos en toute s\u00e9curit\u00e9 dans la cour ferm\u00e9e<\/li><\/ul>\n\n\n\n<p>T\u00e9l\u00e9charger l&rsquo;<a href=\"http:\/\/lemasdesrochers.fr\/wp-content\/uploads\/2022\/01\/Inventaire-Mas-des-Rochers4.pdf\" target=\"_blank\" rel=\"noreferrer noopener\">inventaire<\/a> pour plus de d\u00e9tails<\/p>\n\n\n\n<h2>Les petits plus<\/h2>\n\n\n\n<p>Nous sommes des amateurs de jeux de soci\u00e9t\u00e9. Nous vous proposons donc de d\u00e9couvrir cette passion ou si vous la partagez d\u00e9j\u00e0 de profiter de notre collection. Vous pouvez choisir quelques jeux dans notre catalogue pour agr\u00e9menter votre s\u00e9jour. Regardez la liste et demandez-nous quelques jours avant ceux que vous souhaitez utiliser.<\/p>\n\n\n\n<p class=\"has-text-align-left\">Consultez ici <a href=\"http:\/\/lemasdesrochers.fr\/wp-content\/uploads\/2023\/01\/Liste-des-jeux.pdf\" target=\"_blank\" rel=\"noreferrer noopener\">la liste de plus de 100 jeux<\/a><a href=\"http:\/\/lemasdesrochers.fr\/wp-content\/uploads\/2022\/01\/Liste-des-jeux1.pdf\" data-type=\"URL\" data-id=\"http:\/\/lemasdesrochers.fr\/wp-content\/uploads\/2022\/01\/Liste-des-jeux1.pdf\" target=\"_blank\" rel=\"noreferrer noopener\"> <\/a>que nous vous proposons.<\/p>\n\n\n\n<figure class=\"wp-block-gallery columns-1 is-cropped\"><ul class=\"blocks-gallery-grid\"><li class=\"blocks-gallery-item\"><figure><a href=\"https:\/\/lemasdesrochers.fr\/wp-content\/uploads\/2021\/07\/jeux.png\"><img loading=\"lazy\" width=\"150\" height=\"150\" src=\"https:\/\/lemasdesrochers.fr\/wp-content\/uploads\/2021\/07\/jeux-150x150.png\" alt=\"\" data-id=\"329\" data-full-url=\"https:\/\/lemasdesrochers.fr\/wp-content\/uploads\/2021\/07\/jeux.png\" data-link=\"https:\/\/lemasdesrochers.fr\/index.php\/le-mas\/jeux\/\" class=\"wp-image-329\" srcset=\"https:\/\/lemasdesrochers.fr\/wp-content\/uploads\/2021\/07\/jeux-150x150.png 150w, https:\/\/lemasdesrochers.fr\/wp-content\/uploads\/2021\/07\/jeux-100x100.png 100w\" sizes=\"(max-width: 150px) 100vw, 150px\" \/><\/a><figcaption class=\"blocks-gallery-item__caption\">Extrait de notre collection de jeux<\/figcaption><\/figure><\/li><\/ul><\/figure>\n\n\n\n<p><\/p>\n\n\n\n<p>Par ailleurs, le Mas dispose d&rsquo;une pi\u00e8ce \u00ab\u00a0atelier\u00a0\u00bb id\u00e9ale pour un artiste qui souhaiterait s&rsquo;installer quelques temps chez nous et profiter d&rsquo;un lieu inspirant. Vous pourrez vous y installer tranquillement avec votre mat\u00e9riel, n&rsquo;h\u00e9sitez pas \u00e0 nous en parler. Ce lieu peut \u00e9galement servir aux loisirs cr\u00e9atifs (enfants ou plus grands).<\/p>\n","protected":false},"excerpt":{"rendered":"<p>Description Le Mas des Rochers est nich\u00e9 le long de la falaise du Coutach. Il poss\u00e8de une vue imprenable sur le village de Sauve et vous donne acc\u00e8s \u00e0 la Mer des Rochers, vaste espace naturel sculpt\u00e9 par le temps, d&rsquo;o\u00f9 son nom. Tranquillit\u00e9, confort et convivialit\u00e9 assur\u00e9s, dans 150m\u00b2 r\u00e9cemment r\u00e9nov\u00e9s pour accueillir 8 &hellip; <\/p>\n<p class=\"link-more\"><a href=\"https:\/\/lemasdesrochers.fr\/index.php\/le-mas\/\" class=\"more-link\">Continuer la lecture<span class=\"screen-reader-text\"> de &laquo;&nbsp;Le Mas&nbsp;&raquo;<\/span><\/a><\/p>\n","protected":false},"author":1,"featured_media":0,"parent":0,"menu_order":0,"comment_status":"closed","ping_status":"closed","template":"","meta":[],"_links":{"self":[{"href":"https:\/\/lemasdesrochers.fr\/index.php\/wp-json\/wp\/v2\/pages\/59"}],"collection":[{"href":"https:\/\/lemasdesrochers.fr\/index.php\/wp-json\/wp\/v2\/pages"}],"about":[{"href":"https:\/\/lemasdesrochers.fr\/index.php\/wp-json\/wp\/v2\/types\/page"}],"author":[{"embeddable":true,"href":"https:\/\/lemasdesrochers.fr\/index.php\/wp-json\/wp\/v2\/users\/1"}],"replies":[{"embeddable":true,"href":"https:\/\/lemasdesrochers.fr\/index.php\/wp-json\/wp\/v2\/comments?post=59"}],"version-history":[{"count":44,"href":"https:\/\/lemasdesrochers.fr\/index.php\/wp-json\/wp\/v2\/pages\/59\/revisions"}],"predecessor-version":[{"id":403,"href":"https:\/\/lemasdesrochers.fr\/index.php\/wp-json\/wp\/v2\/pages\/59\/revisions\/403"}],"wp:attachment":[{"href":"https:\/\/lemasdesrochers.fr\/index.php\/wp-json\/wp\/v2\/media?parent=59"}],"curies":[{"name":"wp","href":"https:\/\/api.w.org\/{rel}","templated":true}]}}