{"id":64,"date":"2020-06-13T11:12:04","date_gmt":"2020-06-13T09:12:04","guid":{"rendered":"http:\/\/lemasdesrochers.fr\/?page_id=64"},"modified":"2021-07-18T14:25:21","modified_gmt":"2021-07-18T12:25:21","slug":"le-site","status":"publish","type":"page","link":"https:\/\/lemasdesrochers.fr\/index.php\/le-site\/","title":{"rendered":"Le Site"},"content":{"rendered":"\n<h2>Le Village de Sauve<\/h2>\n\n\n\n<p>Village m\u00e9di\u00e9val r\u00e9cemment restaur\u00e9, Sauve est un site pr\u00e9serv\u00e9. Nich\u00e9 au c\u0153ur de la Mer des Rochers, juste au-dessus de la r\u00e9surgence du Vidourle, c&rsquo;est un village de caract\u00e8re accueillant de nombreux artistes et restaurants.<\/p>\n\n\n\n<figure class=\"wp-block-gallery columns-3 is-cropped\"><ul class=\"blocks-gallery-grid\"><li class=\"blocks-gallery-item\"><figure><a href=\"https:\/\/lemasdesrochers.fr\/wp-content\/uploads\/2021\/07\/village.jpg\"><img loading=\"lazy\" width=\"774\" height=\"492\" src=\"https:\/\/lemasdesrochers.fr\/wp-content\/uploads\/2021\/07\/village.jpg\" alt=\"\" data-id=\"340\" data-full-url=\"https:\/\/lemasdesrochers.fr\/wp-content\/uploads\/2021\/07\/village.jpg\" data-link=\"https:\/\/lemasdesrochers.fr\/index.php\/le-site\/village-3\/\" class=\"wp-image-340\" srcset=\"https:\/\/lemasdesrochers.fr\/wp-content\/uploads\/2021\/07\/village.jpg 774w, https:\/\/lemasdesrochers.fr\/wp-content\/uploads\/2021\/07\/village-300x191.jpg 300w, https:\/\/lemasdesrochers.fr\/wp-content\/uploads\/2021\/07\/village-768x488.jpg 768w\" sizes=\"(max-width: 767px) 89vw, (max-width: 1000px) 54vw, (max-width: 1071px) 543px, 580px\" \/><\/a><figcaption class=\"blocks-gallery-item__caption\">Le village de Sauve <\/figcaption><\/figure><\/li><li class=\"blocks-gallery-item\"><figure><a href=\"http:\/\/lemasdesrochers.fr\/wp-content\/uploads\/2021\/05\/mdr1.png\"><img loading=\"lazy\" width=\"1008\" height=\"756\" src=\"http:\/\/lemasdesrochers.fr\/wp-content\/uploads\/2021\/05\/mdr1.png\" alt=\"\" data-id=\"123\" data-link=\"http:\/\/lemasdesrochers.fr\/index.php\/contact\/mdr1\/\" class=\"wp-image-123\" srcset=\"https:\/\/lemasdesrochers.fr\/wp-content\/uploads\/2021\/05\/mdr1.png 1008w, https:\/\/lemasdesrochers.fr\/wp-content\/uploads\/2021\/05\/mdr1-300x225.png 300w, https:\/\/lemasdesrochers.fr\/wp-content\/uploads\/2021\/05\/mdr1-768x576.png 768w\" sizes=\"(max-width: 767px) 89vw, (max-width: 1000px) 54vw, (max-width: 1071px) 543px, 580px\" \/><\/a><figcaption class=\"blocks-gallery-item__caption\">L&rsquo;entr\u00e9e de la Mer des Rochers<\/figcaption><\/figure><\/li><li class=\"blocks-gallery-item\"><figure><a href=\"http:\/\/lemasdesrochers.fr\/wp-content\/uploads\/2021\/05\/mdr2.png\"><img loading=\"lazy\" width=\"1008\" height=\"756\" src=\"http:\/\/lemasdesrochers.fr\/wp-content\/uploads\/2021\/05\/mdr2.png\" alt=\"\" data-id=\"124\" data-link=\"http:\/\/lemasdesrochers.fr\/index.php\/contact\/mdr2\/\" class=\"wp-image-124\" srcset=\"https:\/\/lemasdesrochers.fr\/wp-content\/uploads\/2021\/05\/mdr2.png 1008w, https:\/\/lemasdesrochers.fr\/wp-content\/uploads\/2021\/05\/mdr2-300x225.png 300w, https:\/\/lemasdesrochers.fr\/wp-content\/uploads\/2021\/05\/mdr2-768x576.png 768w\" sizes=\"(max-width: 767px) 89vw, (max-width: 1000px) 54vw, (max-width: 1071px) 543px, 580px\" \/><\/a><figcaption class=\"blocks-gallery-item__caption\">La Mer des Rochers<\/figcaption><\/figure><\/li><\/ul><\/figure>\n\n\n\n<h2>La Mer des Rochers<\/h2>\n\n\n\n<p>Balade d&rsquo;environ 1h facilement accessible depuis le village, vous d\u00e9couvrirez cet espace naturel (chaos rocheux) sur les hauteurs avec une vue magnifique. Surplomb\u00e9 par le ch\u00e2teau de Roquevaire, les roches sculpt\u00e9es par le temps et la pluie vous emm\u00e8nent dans un d\u00e9cor naturel et sauvage d\u00e9paysant. C&rsquo;est aussi un d\u00e9part pour d&rsquo;autres balades ou trails pour les amateurs.<\/p>\n\n\n\n<h2>A proximit\u00e9<\/h2>\n\n\n\n<p>Situ\u00e9 au carrefour des trois d\u00e9partements du Gard, de l&rsquo;H\u00e9rault et de la Loz\u00e8re, vous pourrez d\u00e9couvrir de nombreux sites touristiques de l&rsquo;Occitanie et profiter d&rsquo;activit\u00e9s tr\u00e8s vari\u00e9es. <\/p>\n\n\n\n<ul><li>Les <strong>villages typiques<\/strong> : Sommi\u00e8res et son march\u00e9, Anduze et ses poteries, St Guilhem-le-d\u00e9sert et son abbaye (plus beau village de France), V\u00e9z\u00e9nobre, Les Matelles, Corconne&#8230;<\/li><li>Des <strong>sites remarquables<\/strong> : Le Pic St Loup, la Bambouseraie, le Cirque de Navacelle, le Mont Aigoual&#8230;<\/li><li>Et bien s\u00fbr les C\u00e9vennes, le littoral m\u00e9diterran\u00e9en, les villes de N\u00eemes et Montpellier&#8230;<\/li><\/ul>\n\n\n\n<p>Et pour les activit\u00e9s vous ne serez pas en reste :<\/p>\n\n\n\n<ul><li><strong>Sportives<\/strong> : V\u00e9lo sur la voie verte et ailleurs, VTT, Trails et Randonn\u00e9es, Cano\u00eb sur le Gard et l&rsquo;H\u00e9rault, Canyoning, Escalade, Equitation&#8230;<\/li><li><strong>Culturelles<\/strong> : conservatoire de la Fourche \u00e0 Sauve, Mus\u00e9e de la soie \u00e0 St Hypolite-du-Fort, Mus\u00e9e Fabre \u00e0 Montpellier, boutiques d&rsquo;artistes \u00e0 Sauve, le train \u00e0 vapeur des C\u00e9vennes, la route des Verriers et la Halle du verre \u00e0 Claret&#8230;<\/li><li><strong>D\u00e9tente<\/strong> : nombreux sites de baignade en rivi\u00e8re et bord de mer, p\u00eache, balades dans les pacs ou le long des cours d&rsquo;eau&#8230;<\/li><li><strong>Gastronomique<\/strong> : nombreux restaurants dans le village (voir quelques exemples ci-dessous) et alentours, les vignobles et caves de d\u00e9gustation du Duch\u00e9 d&rsquo;Uz\u00e8s et du Pic St Loup, les march\u00e9s typiques (ex : Sommi\u00e8res)&#8230;<\/li><\/ul>\n\n\n\n<figure class=\"wp-block-gallery columns-3 is-cropped\"><ul class=\"blocks-gallery-grid\"><li class=\"blocks-gallery-item\"><figure><img loading=\"lazy\" width=\"1024\" height=\"768\" src=\"https:\/\/lemasdesrochers.fr\/wp-content\/uploads\/2021\/07\/Floriane-1-1024x768.jpg\" alt=\"\" data-id=\"323\" data-link=\"https:\/\/lemasdesrochers.fr\/index.php\/le-site\/floriane-1\/\" class=\"wp-image-323\" srcset=\"https:\/\/lemasdesrochers.fr\/wp-content\/uploads\/2021\/07\/Floriane-1-1024x768.jpg 1024w, https:\/\/lemasdesrochers.fr\/wp-content\/uploads\/2021\/07\/Floriane-1-300x225.jpg 300w, https:\/\/lemasdesrochers.fr\/wp-content\/uploads\/2021\/07\/Floriane-1-768x576.jpg 768w, https:\/\/lemasdesrochers.fr\/wp-content\/uploads\/2021\/07\/Floriane-1.jpg 1040w\" sizes=\"(max-width: 767px) 89vw, (max-width: 1000px) 54vw, (max-width: 1071px) 543px, 580px\" \/><figcaption class=\"blocks-gallery-item__caption\">La Floriane<\/figcaption><\/figure><\/li><li class=\"blocks-gallery-item\"><figure><img loading=\"lazy\" width=\"1008\" height=\"756\" src=\"https:\/\/lemasdesrochers.fr\/wp-content\/uploads\/2021\/07\/Gare-1.jpg\" alt=\"\" data-id=\"325\" data-link=\"https:\/\/lemasdesrochers.fr\/index.php\/le-site\/gare-1\/\" class=\"wp-image-325\" srcset=\"https:\/\/lemasdesrochers.fr\/wp-content\/uploads\/2021\/07\/Gare-1.jpg 1008w, https:\/\/lemasdesrochers.fr\/wp-content\/uploads\/2021\/07\/Gare-1-300x225.jpg 300w, https:\/\/lemasdesrochers.fr\/wp-content\/uploads\/2021\/07\/Gare-1-768x576.jpg 768w\" sizes=\"(max-width: 767px) 89vw, (max-width: 1000px) 54vw, (max-width: 1071px) 543px, 580px\" \/><figcaption class=\"blocks-gallery-item__caption\">La gare de Sauve<\/figcaption><\/figure><\/li><li class=\"blocks-gallery-item\"><figure><img loading=\"lazy\" width=\"1024\" height=\"768\" src=\"https:\/\/lemasdesrochers.fr\/wp-content\/uploads\/2021\/07\/jaja-1-1024x768.jpg\" alt=\"\" data-id=\"326\" data-full-url=\"https:\/\/lemasdesrochers.fr\/wp-content\/uploads\/2021\/07\/jaja-1.jpg\" data-link=\"https:\/\/lemasdesrochers.fr\/index.php\/le-site\/jaja-1\/\" class=\"wp-image-326\" srcset=\"https:\/\/lemasdesrochers.fr\/wp-content\/uploads\/2021\/07\/jaja-1-1024x768.jpg 1024w, https:\/\/lemasdesrochers.fr\/wp-content\/uploads\/2021\/07\/jaja-1-300x225.jpg 300w, https:\/\/lemasdesrochers.fr\/wp-content\/uploads\/2021\/07\/jaja-1-768x576.jpg 768w, https:\/\/lemasdesrochers.fr\/wp-content\/uploads\/2021\/07\/jaja-1.jpg 1040w\" sizes=\"(max-width: 767px) 89vw, (max-width: 1000px) 54vw, (max-width: 1071px) 543px, 580px\" \/><figcaption class=\"blocks-gallery-item__caption\">Le bon Jaja<\/figcaption><\/figure><\/li><\/ul><\/figure>\n","protected":false},"excerpt":{"rendered":"<p>Le Village de Sauve Village m\u00e9di\u00e9val r\u00e9cemment restaur\u00e9, Sauve est un site pr\u00e9serv\u00e9. Nich\u00e9 au c\u0153ur de la Mer des Rochers, juste au-dessus de la r\u00e9surgence du Vidourle, c&rsquo;est un village de caract\u00e8re accueillant de nombreux artistes et restaurants. La Mer des Rochers Balade d&rsquo;environ 1h facilement accessible depuis le village, vous d\u00e9couvrirez cet espace &hellip; <\/p>\n<p class=\"link-more\"><a href=\"https:\/\/lemasdesrochers.fr\/index.php\/le-site\/\" class=\"more-link\">Continuer la lecture<span class=\"screen-reader-text\"> de &laquo;&nbsp;Le Site&nbsp;&raquo;<\/span><\/a><\/p>\n","protected":false},"author":1,"featured_media":0,"parent":0,"menu_order":0,"comment_status":"closed","ping_status":"closed","template":"","meta":[],"_links":{"self":[{"href":"https:\/\/lemasdesrochers.fr\/index.php\/wp-json\/wp\/v2\/pages\/64"}],"collection":[{"href":"https:\/\/lemasdesrochers.fr\/index.php\/wp-json\/wp\/v2\/pages"}],"about":[{"href":"https:\/\/lemasdesrochers.fr\/index.php\/wp-json\/wp\/v2\/types\/page"}],"author":[{"embeddable":true,"href":"https:\/\/lemasdesrochers.fr\/index.php\/wp-json\/wp\/v2\/users\/1"}],"replies":[{"embeddable":true,"href":"https:\/\/lemasdesrochers.fr\/index.php\/wp-json\/wp\/v2\/comments?post=64"}],"version-history":[{"count":15,"href":"https:\/\/lemasdesrochers.fr\/index.php\/wp-json\/wp\/v2\/pages\/64\/revisions"}],"predecessor-version":[{"id":342,"href":"https:\/\/lemasdesrochers.fr\/index.php\/wp-json\/wp\/v2\/pages\/64\/revisions\/342"}],"wp:attachment":[{"href":"https:\/\/lemasdesrochers.fr\/index.php\/wp-json\/wp\/v2\/media?parent=64"}],"curies":[{"name":"wp","href":"https:\/\/api.w.org\/{rel}","templated":true}]}}